{"id":17,"date":"2021-04-24T13:57:01","date_gmt":"2021-04-24T18:57:01","guid":{"rendered":"http:\/\/tapiceriarodriguez.com\/?page_id=17"},"modified":"2025-12-17T17:41:21","modified_gmt":"2025-12-17T23:41:21","slug":"servicios","status":"publish","type":"page","link":"https:\/\/tapiceriarodriguez.com\/index.php\/servicios\/","title":{"rendered":"Servicios"},"content":{"rendered":"\t\t<div data-elementor-type=\"wp-page\" data-elementor-id=\"17\" class=\"elementor elementor-17\" data-elementor-settings=\"[]\">\n\t\t\t\t\t\t\t<div class=\"elementor-section-wrap\">\n\t\t\t\t\t\t\t<section class=\"elementor-section elementor-top-section elementor-element elementor-element-d99aeda elementor-section-full_width elementor-section-height-default elementor-section-height-default\" data-id=\"d99aeda\" data-element_type=\"section\">\n\t\t\t\t\t\t<div class=\"elementor-container elementor-column-gap-default\">\n\t\t\t\t\t<div class=\"elementor-column elementor-col-100 elementor-top-column elementor-element elementor-element-9c84047\" data-id=\"9c84047\" data-element_type=\"column\">\n\t\t\t<div class=\"elementor-widget-wrap elementor-element-populated\">\n\t\t\t\t\t\t\t\t<div class=\"elementor-element elementor-element-09fca9d elementor-widget elementor-widget-image\" data-id=\"09fca9d\" data-element_type=\"widget\" data-widget_type=\"image.default\">\n\t\t\t\t<div class=\"elementor-widget-container\">\n\t\t\t\t\t\t\t\t\t\t\t\t\t\t\t<img width=\"1599\" height=\"801\" src=\"https:\/\/tapiceriarodriguez.com\/wp-content\/uploads\/2025\/12\/sala-tapiceria-rodriguez-escuadra.jpeg\" class=\"attachment-full size-full\" alt=\"salas a gusto y medida\" loading=\"lazy\" srcset=\"https:\/\/tapiceriarodriguez.com\/wp-content\/uploads\/2025\/12\/sala-tapiceria-rodriguez-escuadra.jpeg 1599w, https:\/\/tapiceriarodriguez.com\/wp-content\/uploads\/2025\/12\/sala-tapiceria-rodriguez-escuadra-300x150.jpeg 300w, https:\/\/tapiceriarodriguez.com\/wp-content\/uploads\/2025\/12\/sala-tapiceria-rodriguez-escuadra-1024x513.jpeg 1024w, https:\/\/tapiceriarodriguez.com\/wp-content\/uploads\/2025\/12\/sala-tapiceria-rodriguez-escuadra-768x385.jpeg 768w, https:\/\/tapiceriarodriguez.com\/wp-content\/uploads\/2025\/12\/sala-tapiceria-rodriguez-escuadra-1536x769.jpeg 1536w\" sizes=\"(max-width: 1599px) 100vw, 1599px\" \/>\t\t\t\t\t\t\t\t\t\t\t\t\t\t\t<\/div>\n\t\t\t\t<\/div>\n\t\t\t\t\t<\/div>\n\t\t<\/div>\n\t\t\t\t\t\t\t<\/div>\n\t\t<\/section>\n\t\t\t\t<section class=\"elementor-section elementor-top-section elementor-element elementor-element-a28d596 elementor-section-boxed elementor-section-height-default elementor-section-height-default\" data-id=\"a28d596\" data-element_type=\"section\">\n\t\t\t\t\t\t<div class=\"elementor-container elementor-column-gap-default\">\n\t\t\t\t\t<div class=\"elementor-column elementor-col-100 elementor-top-column elementor-element elementor-element-6896014a\" data-id=\"6896014a\" data-element_type=\"column\">\n\t\t\t<div class=\"elementor-widget-wrap elementor-element-populated\">\n\t\t\t\t\t\t\t\t<div class=\"elementor-element elementor-element-980d2c0 elementor-widget elementor-widget-heading\" data-id=\"980d2c0\" data-element_type=\"widget\" data-widget_type=\"heading.default\">\n\t\t\t\t<div class=\"elementor-widget-container\">\n\t\t\t<h2 class=\"elementor-heading-title elementor-size-default\">Salas a gusto y medida<\/h2>\t\t<\/div>\n\t\t\t\t<\/div>\n\t\t\t\t<div class=\"elementor-element elementor-element-380a4695 elementor-widget elementor-widget-text-editor\" data-id=\"380a4695\" data-element_type=\"widget\" data-widget_type=\"text-editor.default\">\n\t\t\t\t<div class=\"elementor-widget-container\">\n\t\t\t\t\t\t\t\t<!-- wp:list -->\n<ul><li><strong>Salas a gusto y medida<\/strong><\/li><li><strong>Tapizado de Sillas<\/strong><\/li><li><strong>Asientos de carro<\/strong><\/li><li><strong>Reparaci\u00f3n y modificaci\u00f3n de salas<\/strong><\/li><li><strong>Aplicaci\u00f3n de Tefl\u00f3n<\/strong><\/li><li><strong>Tapizado de paredes<\/strong><\/li><li><strong>Respaldos de Rec\u00e1maras<\/strong><\/li><\/ul>\n<!-- \/wp:list -->\n\n<!-- wp:paragraph -->\n<p>Cu\u00e9ntanos tu proyecto, qu\u00e9 mueble quieres remodelar, buscas algo en especial en color y telas de tapizado ?<\/p>\n<!-- \/wp:paragraph -->\n\n<!-- wp:paragraph -->\n<p>Todo lo que necesites para contar con un sill\u00f3n antiguo reestructurado con las mejores telas y colores de tu preferencia, nosotros <strong>TAPICER\u00cdA RODRIGUEZ<\/strong> te damos opciones.<\/p>\n<!-- \/wp:paragraph -->\n\n<!-- wp:paragraph -->\n<p><\/p>\n<!-- \/wp:paragraph -->\t\t\t\t\t\t<\/div>\n\t\t\t\t<\/div>\n\t\t\t\t\t<\/div>\n\t\t<\/div>\n\t\t\t\t\t\t\t<\/div>\n\t\t<\/section>\n\t\t\t\t<section class=\"elementor-section elementor-top-section elementor-element elementor-element-1bf18c4 elementor-section-boxed elementor-section-height-default elementor-section-height-default\" data-id=\"1bf18c4\" data-element_type=\"section\">\n\t\t\t\t\t\t<div class=\"elementor-container elementor-column-gap-default\">\n\t\t\t\t\t<div class=\"elementor-column elementor-col-33 elementor-top-column elementor-element elementor-element-f93e54f\" data-id=\"f93e54f\" data-element_type=\"column\">\n\t\t\t<div class=\"elementor-widget-wrap elementor-element-populated\">\n\t\t\t\t\t\t\t\t<div class=\"elementor-element elementor-element-ec53768 elementor-position-top elementor-vertical-align-top elementor-widget elementor-widget-image-box\" data-id=\"ec53768\" data-element_type=\"widget\" data-widget_type=\"image-box.default\">\n\t\t\t\t<div class=\"elementor-widget-container\">\n\t\t\t<div class=\"elementor-image-box-wrapper\"><figure class=\"elementor-image-box-img\"><img width=\"1040\" height=\"780\" src=\"https:\/\/tapiceriarodriguez.com\/wp-content\/uploads\/2025\/12\/sala-2-3-lugares-tapiceriarodriguez.jpeg\" class=\"attachment-full size-full\" alt=\"reparaci\u00f3n de salas\" loading=\"lazy\" srcset=\"https:\/\/tapiceriarodriguez.com\/wp-content\/uploads\/2025\/12\/sala-2-3-lugares-tapiceriarodriguez.jpeg 1040w, https:\/\/tapiceriarodriguez.com\/wp-content\/uploads\/2025\/12\/sala-2-3-lugares-tapiceriarodriguez-300x225.jpeg 300w, https:\/\/tapiceriarodriguez.com\/wp-content\/uploads\/2025\/12\/sala-2-3-lugares-tapiceriarodriguez-1024x768.jpeg 1024w, https:\/\/tapiceriarodriguez.com\/wp-content\/uploads\/2025\/12\/sala-2-3-lugares-tapiceriarodriguez-768x576.jpeg 768w\" sizes=\"(max-width: 1040px) 100vw, 1040px\" \/><\/figure><div class=\"elementor-image-box-content\"><h3 class=\"elementor-image-box-title\">Reparaci\u00f3n de salas<\/h3><p class=\"elementor-image-box-description\">Devolvemos la vida a tus salas con reparaciones estructurales y dise\u00f1os personalizados.<\/p><\/div><\/div>\t\t<\/div>\n\t\t\t\t<\/div>\n\t\t\t\t\t<\/div>\n\t\t<\/div>\n\t\t\t\t<div class=\"elementor-column elementor-col-33 elementor-top-column elementor-element elementor-element-80df82c\" data-id=\"80df82c\" data-element_type=\"column\">\n\t\t\t<div class=\"elementor-widget-wrap elementor-element-populated\">\n\t\t\t\t\t\t\t\t<div class=\"elementor-element elementor-element-f5919ff elementor-position-top elementor-vertical-align-top elementor-widget elementor-widget-image-box\" data-id=\"f5919ff\" data-element_type=\"widget\" data-widget_type=\"image-box.default\">\n\t\t\t\t<div class=\"elementor-widget-container\">\n\t\t\t<div class=\"elementor-image-box-wrapper\"><figure class=\"elementor-image-box-img\"><img width=\"1200\" height=\"1600\" src=\"https:\/\/tapiceriarodriguez.com\/wp-content\/uploads\/2025\/12\/WhatsApp-Image-2025-04-16-at-5.26.34-PM.jpeg\" class=\"attachment-full size-full\" alt=\"tapizado de sillas\" loading=\"lazy\" srcset=\"https:\/\/tapiceriarodriguez.com\/wp-content\/uploads\/2025\/12\/WhatsApp-Image-2025-04-16-at-5.26.34-PM.jpeg 1200w, https:\/\/tapiceriarodriguez.com\/wp-content\/uploads\/2025\/12\/WhatsApp-Image-2025-04-16-at-5.26.34-PM-225x300.jpeg 225w, https:\/\/tapiceriarodriguez.com\/wp-content\/uploads\/2025\/12\/WhatsApp-Image-2025-04-16-at-5.26.34-PM-768x1024.jpeg 768w, https:\/\/tapiceriarodriguez.com\/wp-content\/uploads\/2025\/12\/WhatsApp-Image-2025-04-16-at-5.26.34-PM-1152x1536.jpeg 1152w\" sizes=\"(max-width: 1200px) 100vw, 1200px\" \/><\/figure><div class=\"elementor-image-box-content\"><h3 class=\"elementor-image-box-title\">Tapizado de sillas<\/h3><p class=\"elementor-image-box-description\">Renovamos tus sillas con telas de alta calidad y acabados impecables para cualquier espacio.<\/p><\/div><\/div>\t\t<\/div>\n\t\t\t\t<\/div>\n\t\t\t\t\t<\/div>\n\t\t<\/div>\n\t\t\t\t<div class=\"elementor-column elementor-col-33 elementor-top-column elementor-element elementor-element-6bc7b9f\" data-id=\"6bc7b9f\" data-element_type=\"column\">\n\t\t\t<div class=\"elementor-widget-wrap elementor-element-populated\">\n\t\t\t\t\t\t\t\t<div class=\"elementor-element elementor-element-8c23797 elementor-position-top elementor-vertical-align-top elementor-widget elementor-widget-image-box\" data-id=\"8c23797\" data-element_type=\"widget\" data-widget_type=\"image-box.default\">\n\t\t\t\t<div class=\"elementor-widget-container\">\n\t\t\t<div class=\"elementor-image-box-wrapper\"><figure class=\"elementor-image-box-img\"><img width=\"1040\" height=\"780\" src=\"https:\/\/tapiceriarodriguez.com\/wp-content\/uploads\/2025\/12\/sala-escuadra-3tapiceriarodriguez.jpeg\" class=\"attachment-full size-full\" alt=\"aplicacion de tefl\u00f3n\" loading=\"lazy\" srcset=\"https:\/\/tapiceriarodriguez.com\/wp-content\/uploads\/2025\/12\/sala-escuadra-3tapiceriarodriguez.jpeg 1040w, https:\/\/tapiceriarodriguez.com\/wp-content\/uploads\/2025\/12\/sala-escuadra-3tapiceriarodriguez-300x225.jpeg 300w, https:\/\/tapiceriarodriguez.com\/wp-content\/uploads\/2025\/12\/sala-escuadra-3tapiceriarodriguez-1024x768.jpeg 1024w, https:\/\/tapiceriarodriguez.com\/wp-content\/uploads\/2025\/12\/sala-escuadra-3tapiceriarodriguez-768x576.jpeg 768w\" sizes=\"(max-width: 1040px) 100vw, 1040px\" \/><\/figure><div class=\"elementor-image-box-content\"><h3 class=\"elementor-image-box-title\">Aplicaci\u00f3n de Tefl\u00f3n<\/h3><p class=\"elementor-image-box-description\">Protecci\u00f3n avanzada para tus muebles contra manchas y derrames, prolongando su vida \u00fatil.<\/p><\/div><\/div>\t\t<\/div>\n\t\t\t\t<\/div>\n\t\t\t\t\t<\/div>\n\t\t<\/div>\n\t\t\t\t\t\t\t<\/div>\n\t\t<\/section>\n\t\t\t\t<section class=\"elementor-section elementor-top-section elementor-element elementor-element-6f82cab elementor-section-boxed elementor-section-height-default elementor-section-height-default\" data-id=\"6f82cab\" data-element_type=\"section\">\n\t\t\t\t\t\t<div class=\"elementor-container elementor-column-gap-default\">\n\t\t\t\t\t<div class=\"elementor-column elementor-col-33 elementor-top-column elementor-element elementor-element-307ded7\" data-id=\"307ded7\" data-element_type=\"column\">\n\t\t\t<div class=\"elementor-widget-wrap elementor-element-populated\">\n\t\t\t\t\t\t\t\t<div class=\"elementor-element elementor-element-df8985b elementor-position-top elementor-vertical-align-top elementor-widget elementor-widget-image-box\" data-id=\"df8985b\" data-element_type=\"widget\" data-widget_type=\"image-box.default\">\n\t\t\t\t<div class=\"elementor-widget-container\">\n\t\t\t<div class=\"elementor-image-box-wrapper\"><figure class=\"elementor-image-box-img\"><img width=\"1600\" height=\"1200\" src=\"https:\/\/tapiceriarodriguez.com\/wp-content\/uploads\/2025\/12\/tapiz-salones-tapiceria-rodriguez-1.jpeg\" class=\"attachment-full size-full\" alt=\"tapizado de paredes\" loading=\"lazy\" srcset=\"https:\/\/tapiceriarodriguez.com\/wp-content\/uploads\/2025\/12\/tapiz-salones-tapiceria-rodriguez-1.jpeg 1600w, https:\/\/tapiceriarodriguez.com\/wp-content\/uploads\/2025\/12\/tapiz-salones-tapiceria-rodriguez-1-300x225.jpeg 300w, https:\/\/tapiceriarodriguez.com\/wp-content\/uploads\/2025\/12\/tapiz-salones-tapiceria-rodriguez-1-1024x768.jpeg 1024w, https:\/\/tapiceriarodriguez.com\/wp-content\/uploads\/2025\/12\/tapiz-salones-tapiceria-rodriguez-1-768x576.jpeg 768w, https:\/\/tapiceriarodriguez.com\/wp-content\/uploads\/2025\/12\/tapiz-salones-tapiceria-rodriguez-1-1536x1152.jpeg 1536w\" sizes=\"(max-width: 1600px) 100vw, 1600px\" \/><\/figure><div class=\"elementor-image-box-content\"><h3 class=\"elementor-image-box-title\">Tapizado de paredes<\/h3><p class=\"elementor-image-box-description\">Creamos ambientes sofisticados con tapizado decorativo en paredes, a\u00f1adiendo elegancia y confort ac\u00fastico.<\/p><\/div><\/div>\t\t<\/div>\n\t\t\t\t<\/div>\n\t\t\t\t\t<\/div>\n\t\t<\/div>\n\t\t\t\t<div class=\"elementor-column elementor-col-33 elementor-top-column elementor-element elementor-element-75089c2\" data-id=\"75089c2\" data-element_type=\"column\">\n\t\t\t<div class=\"elementor-widget-wrap elementor-element-populated\">\n\t\t\t\t\t\t\t\t<div class=\"elementor-element elementor-element-9d9e41a elementor-position-top elementor-vertical-align-top elementor-widget elementor-widget-image-box\" data-id=\"9d9e41a\" data-element_type=\"widget\" data-widget_type=\"image-box.default\">\n\t\t\t\t<div class=\"elementor-widget-container\">\n\t\t\t<div class=\"elementor-image-box-wrapper\"><figure class=\"elementor-image-box-img\"><img width=\"1040\" height=\"780\" src=\"https:\/\/tapiceriarodriguez.com\/wp-content\/uploads\/2025\/12\/tapizado-cajonyrespaldo-tapiceriarodriguez.jpeg\" class=\"attachment-full size-full\" alt=\"Respaldo de rec\u00e1maras\" loading=\"lazy\" srcset=\"https:\/\/tapiceriarodriguez.com\/wp-content\/uploads\/2025\/12\/tapizado-cajonyrespaldo-tapiceriarodriguez.jpeg 1040w, https:\/\/tapiceriarodriguez.com\/wp-content\/uploads\/2025\/12\/tapizado-cajonyrespaldo-tapiceriarodriguez-300x225.jpeg 300w, https:\/\/tapiceriarodriguez.com\/wp-content\/uploads\/2025\/12\/tapizado-cajonyrespaldo-tapiceriarodriguez-1024x768.jpeg 1024w, https:\/\/tapiceriarodriguez.com\/wp-content\/uploads\/2025\/12\/tapizado-cajonyrespaldo-tapiceriarodriguez-768x576.jpeg 768w\" sizes=\"(max-width: 1040px) 100vw, 1040px\" \/><\/figure><div class=\"elementor-image-box-content\"><h3 class=\"elementor-image-box-title\">Respaldo de rec\u00e1maras<\/h3><p class=\"elementor-image-box-description\">Cabeceros personalizados que transforman tu dormitorio en un espacio \u00fanico y acogedor.<\/p><\/div><\/div>\t\t<\/div>\n\t\t\t\t<\/div>\n\t\t\t\t\t<\/div>\n\t\t<\/div>\n\t\t\t\t<div class=\"elementor-column elementor-col-33 elementor-top-column elementor-element elementor-element-b5484cd\" data-id=\"b5484cd\" data-element_type=\"column\">\n\t\t\t<div class=\"elementor-widget-wrap elementor-element-populated\">\n\t\t\t\t\t\t\t\t<div class=\"elementor-element elementor-element-369ee1a elementor-position-top elementor-vertical-align-top elementor-widget elementor-widget-image-box\" data-id=\"369ee1a\" data-element_type=\"widget\" data-widget_type=\"image-box.default\">\n\t\t\t\t<div class=\"elementor-widget-container\">\n\t\t\t<div class=\"elementor-image-box-wrapper\"><figure class=\"elementor-image-box-img\"><img width=\"1280\" height=\"960\" src=\"https:\/\/tapiceriarodriguez.com\/wp-content\/uploads\/2025\/12\/sillones-descansadores-tapiceriarodriguez.jpeg\" class=\"attachment-full size-full\" alt=\"\" loading=\"lazy\" srcset=\"https:\/\/tapiceriarodriguez.com\/wp-content\/uploads\/2025\/12\/sillones-descansadores-tapiceriarodriguez.jpeg 1280w, https:\/\/tapiceriarodriguez.com\/wp-content\/uploads\/2025\/12\/sillones-descansadores-tapiceriarodriguez-300x225.jpeg 300w, https:\/\/tapiceriarodriguez.com\/wp-content\/uploads\/2025\/12\/sillones-descansadores-tapiceriarodriguez-1024x768.jpeg 1024w, https:\/\/tapiceriarodriguez.com\/wp-content\/uploads\/2025\/12\/sillones-descansadores-tapiceriarodriguez-768x576.jpeg 768w\" sizes=\"(max-width: 1280px) 100vw, 1280px\" \/><\/figure><div class=\"elementor-image-box-content\"><h3 class=\"elementor-image-box-title\">Tapizado de sillones<\/h3><p class=\"elementor-image-box-description\">Renovamos tus sillones con telas de alta calidad y acabados impecables para cualquier espacio.<\/p><\/div><\/div>\t\t<\/div>\n\t\t\t\t<\/div>\n\t\t\t\t\t<\/div>\n\t\t<\/div>\n\t\t\t\t\t\t\t<\/div>\n\t\t<\/section>\n\t\t\t\t\t\t<\/div>\n\t\t\t\t\t<\/div>\n\t\t","protected":false},"excerpt":{"rendered":"<p>Salas a gusto y medida Salas a gusto y medida Tapizado de Sillas Asientos de carro Reparaci\u00f3n y modificaci\u00f3n de salas Aplicaci\u00f3n de Tefl\u00f3n Tapizado de paredes Respaldos de Rec\u00e1maras Cu\u00e9ntanos tu proyecto, qu\u00e9 mueble quieres remodelar, buscas algo en especial en color y telas de tapizado ? Todo lo que necesites para contar con [&hellip;]<\/p>\n","protected":false},"author":2,"featured_media":0,"parent":0,"menu_order":0,"comment_status":"closed","ping_status":"closed","template":"","meta":[],"_links":{"self":[{"href":"https:\/\/tapiceriarodriguez.com\/index.php\/wp-json\/wp\/v2\/pages\/17"}],"collection":[{"href":"https:\/\/tapiceriarodriguez.com\/index.php\/wp-json\/wp\/v2\/pages"}],"about":[{"href":"https:\/\/tapiceriarodriguez.com\/index.php\/wp-json\/wp\/v2\/types\/page"}],"author":[{"embeddable":true,"href":"https:\/\/tapiceriarodriguez.com\/index.php\/wp-json\/wp\/v2\/users\/2"}],"replies":[{"embeddable":true,"href":"https:\/\/tapiceriarodriguez.com\/index.php\/wp-json\/wp\/v2\/comments?post=17"}],"version-history":[{"count":13,"href":"https:\/\/tapiceriarodriguez.com\/index.php\/wp-json\/wp\/v2\/pages\/17\/revisions"}],"predecessor-version":[{"id":257,"href":"https:\/\/tapiceriarodriguez.com\/index.php\/wp-json\/wp\/v2\/pages\/17\/revisions\/257"}],"wp:attachment":[{"href":"https:\/\/tapiceriarodriguez.com\/index.php\/wp-json\/wp\/v2\/media?parent=17"}],"curies":[{"name":"wp","href":"https:\/\/api.w.org\/{rel}","templated":true}]}}